{"id":231,"date":"2016-11-06T20:22:10","date_gmt":"2016-11-06T20:22:10","guid":{"rendered":"http:\/\/knmetal.hu\/wp\/?page_id=231"},"modified":"2016-11-06T20:28:02","modified_gmt":"2016-11-06T20:28:02","slug":"galeco-bezokapowy","status":"publish","type":"page","link":"http:\/\/knmetal.hu\/wp\/sample-page\/galeco\/galeco-bezokapowy\/","title":{"rendered":"Galeco BEZOKAPOWY"},"content":{"rendered":"<p><img loading=\"lazy\" class=\"aligncenter size-full wp-image-233\" src=\"http:\/\/knmetal.hu\/wp\/wp-content\/uploads\/2016\/11\/bezokap.jpg\" alt=\"bezokap\" width=\"880\" height=\"393\" srcset=\"http:\/\/knmetal.hu\/wp\/wp-content\/uploads\/2016\/11\/bezokap.jpg 880w, http:\/\/knmetal.hu\/wp\/wp-content\/uploads\/2016\/11\/bezokap-300x134.jpg 300w, http:\/\/knmetal.hu\/wp\/wp-content\/uploads\/2016\/11\/bezokap-768x343.jpg 768w\" sizes=\"(max-width: 880px) 100vw, 880px\" \/><\/p>\n<p>&nbsp;<\/p>\n<p><img loading=\"lazy\" class=\"alignright size-medium wp-image-234\" src=\"http:\/\/knmetal.hu\/wp\/wp-content\/uploads\/2016\/11\/bezokapsection-300x226.jpg\" alt=\"\" width=\"300\" height=\"226\" srcset=\"http:\/\/knmetal.hu\/wp\/wp-content\/uploads\/2016\/11\/bezokapsection-300x226.jpg 300w, http:\/\/knmetal.hu\/wp\/wp-content\/uploads\/2016\/11\/bezokapsection.jpg 460w\" sizes=\"(max-width: 300px) 100vw, 300px\" \/>Ereszcsatorna rendszer tet\u0151eresz n\u00e9lk\u00fcli \u00e9p\u00fcletek r\u00e9sz\u00e9re<\/p>\n<p class=\"rtejustify\">A Galeco \u00e1ltal szabadalmaztatott megold\u00e1s lehet\u0151v\u00e9 teszi a csatornarendszer term\u00e9szetes integr\u00e1l\u00f3d\u00e1s\u00e1t az \u00e9p\u00fclet homlokzat\u00e1ba. A rendszer kivitelez\u00e9s\u00e9nek k\u00f6sz\u00f6nhet\u0151en ide\u00e1lisan beleolvad minden \u00e9p\u00fclet homlokzat\u00e1ba, el\u00e9rve azt, hogy az ereszcsatorna-rendszer &#8220;belekompon\u00e1l\u00e1sa&#8221; az \u00e9p\u00fclet tervrajz\u00e1ba m\u00e9g soha nem volt ennyire egyszer\u0171.<\/p>\n<p class=\"rtejustify\">Kifejezetten tet\u0151eresz n\u00e9lk\u00fcli \u00e9p\u00fcletek sz\u00e1m\u00e1ra megtervezett ereszcsatorna rendszer.<\/p>\n<p>Piackutat\u00e1s sor\u00e1n felfigyelt\u00fcnk arra, hogy a korszer\u0171 \u00e9p\u00edtm\u00e9nyek sz\u00e1m\u00e1ra nem l\u00e9teznek megfelel\u0151en kidolgozott rendszerek a piacon. A Galeco BEZOKAPOWY csatornarendszer az ereszcsatorn\u00e1khoz val\u00f3 hagyom\u00e1nyos megk\u00f6zel\u00edt\u00e9st a kort\u00e1rs \u00e9p\u00edt\u00e9szek legmer\u00e9szebb projektjeinek szintj\u00e9re emeli.<\/p>\n<p>&nbsp;<\/p>\n<p>A Galeco BEZOKAPOWY ereszcsatorna-rendszer ide\u00e1lis megold\u00e1st jelent hagyom\u00e1nyos tet\u0151eresz n\u00e9lk\u00fcli, szigetelt h\u00e1zak eset\u00e9n, ahol a rendszert egyenesen a szigetel\u00e9sbe lehet szerelni.<\/p>\n<p>A rendszer 125 mm sz\u00e9les, n\u00e9gysz\u00f6gletes ac\u00e9l ereszcsatorn\u00e1b\u00f3l \u00e1ll, valamint PVC-U -b\u00f3l k\u00e9sz\u00fclt 70 x 80 mm nagys\u00e1g\u00fa lefoly\u00f3cs\u0151b\u0151l.<\/p>\n<p>&nbsp;<\/p>\n<p>&nbsp;<\/p>\n","protected":false},"excerpt":{"rendered":"<p>&nbsp; Ereszcsatorna rendszer tet\u0151eresz n\u00e9lk\u00fcli \u00e9p\u00fcletek r\u00e9sz\u00e9re A Galeco \u00e1ltal szabadalmaztatott megold\u00e1s lehet\u0151v\u00e9 teszi a csatornarendszer term\u00e9szetes integr\u00e1l\u00f3d\u00e1s\u00e1t az \u00e9p\u00fclet homlokzat\u00e1ba. A rendszer kivitelez\u00e9s\u00e9nek k\u00f6sz\u00f6nhet\u0151en ide\u00e1lisan beleolvad minden \u00e9p\u00fclet homlokzat\u00e1ba, el\u00e9rve azt, hogy az ereszcsatorna-rendszer &#8220;belekompon\u00e1l\u00e1sa&#8221; az \u00e9p\u00fclet tervrajz\u00e1ba m\u00e9g soha nem volt ennyire egyszer\u0171. Kifejezetten tet\u0151eresz n\u00e9lk\u00fcli \u00e9p\u00fcletek sz\u00e1m\u00e1ra megtervezett ereszcsatorna rendszer. Piackutat\u00e1s sor\u00e1n [&hellip;]<\/p>\n","protected":false},"author":1,"featured_media":0,"parent":169,"menu_order":7,"comment_status":"closed","ping_status":"closed","template":"","meta":[],"_links":{"self":[{"href":"http:\/\/knmetal.hu\/wp\/wp-json\/wp\/v2\/pages\/231"}],"collection":[{"href":"http:\/\/knmetal.hu\/wp\/wp-json\/wp\/v2\/pages"}],"about":[{"href":"http:\/\/knmetal.hu\/wp\/wp-json\/wp\/v2\/types\/page"}],"author":[{"embeddable":true,"href":"http:\/\/knmetal.hu\/wp\/wp-json\/wp\/v2\/users\/1"}],"replies":[{"embeddable":true,"href":"http:\/\/knmetal.hu\/wp\/wp-json\/wp\/v2\/comments?post=231"}],"version-history":[{"count":4,"href":"http:\/\/knmetal.hu\/wp\/wp-json\/wp\/v2\/pages\/231\/revisions"}],"predecessor-version":[{"id":237,"href":"http:\/\/knmetal.hu\/wp\/wp-json\/wp\/v2\/pages\/231\/revisions\/237"}],"up":[{"embeddable":true,"href":"http:\/\/knmetal.hu\/wp\/wp-json\/wp\/v2\/pages\/169"}],"wp:attachment":[{"href":"http:\/\/knmetal.hu\/wp\/wp-json\/wp\/v2\/media?parent=231"}],"curies":[{"name":"wp","href":"https:\/\/api.w.org\/{rel}","templated":true}]}}