{"id":11,"date":"2016-11-04T15:19:10","date_gmt":"2016-11-04T15:19:10","guid":{"rendered":"http:\/\/knmetal.hu\/wp\/?page_id=11"},"modified":"2017-01-26T14:34:12","modified_gmt":"2017-01-26T14:34:12","slug":"prefa","status":"publish","type":"page","link":"http:\/\/knmetal.hu\/wp\/sample-page\/prefa-2\/prefa\/","title":{"rendered":"Prefa Ereszcsatorna rendszerek"},"content":{"rendered":"<p><span style=\"color: #ff9900;\"><strong>F\u00fcgg\u0151 ereszcsatorna:<\/strong><\/span><\/p>\n<p><img loading=\"lazy\" class=\"alignleft wp-image-98 size-thumbnail\" src=\"http:\/\/knmetal.hu\/wp\/wp-content\/uploads\/2016\/11\/F\u00fcgg\u0151-ereszcsatorna-150x150.jpg\" width=\"150\" height=\"150\" \/><\/p>\n<h3>A legmagasabb ig\u00e9nyekre<\/h3>\n<p>A <strong>PREFA fel\u00fcletnemes\u00edt\u00e9s<\/strong> garant\u00e1lja az \u00e9rt\u00e9k\u00e1ll\u00f3s\u00e1got \u00e9s a hosszan tart\u00f3 min\u0151s\u00e9get. Kem\u00e9ny gyakorlati ig\u00e9nybev\u00e9tel mellett sok \u00e9v eltelt\u00e9vel is m\u0171k\u00f6d\u0151k\u00e9pesek \u00e9s sz\u00e9pek maradnak.<\/p>\n<p>A <strong>PREFA f\u00e9lk\u00f6rszelv\u00e9ny\u0171 ereszcsatorn\u00e1k<\/strong> \u00e9vtizedek \u00f3ta bizony\u00edtanak, a r\u00e9szletekre is kiterjed\u0151 kifinomult megold\u00e1sokkal mindenkit megnyernek. A 11 standard sz\u00ednt \u00e9s minden k\u00edv\u00e1nt k\u00fcl\u00f6nleges sz\u00ednt (RAL \u00e9s NCS sz\u00ednrendszer) felvonultat\u00f3 sz\u00e9les k\u00edn\u00e1lati paletta gyakorlatilag minden kialak\u00edt\u00e1si v\u00e1ltozatot lehet\u0151v\u00e9 tesz. A <strong>sz\u00edn a sz\u00ednben megold\u00e1st\u00f3l <\/strong>a kontraszt sz\u00ednekkel kihangs\u00falyozhat\u00f3 \u00e9rdekes \u00e9p\u00edt\u00e9szeti megold\u00e1sokig &#8211; minden lehets\u00e9ges.<\/p>\n<p>A PREFA f\u00e9lk\u00f6rszelv\u00e9ny\u0171 ereszcsatorn\u00e1kat sz\u00ednes bevonat\u00fa alum\u00edniumszalagokb\u00f3l gy\u00e1rtjuk. A PREFA alum\u00edniumterm\u00e9kek alapanyaga az EN 573, illetve a DIN 1725 szabv\u00e1ny szerinti \u00f6tv\u00f6zet. A f\u00e9lk\u00f6rszelv\u00e9ny\u0171 ereszcsatorn\u00e1k \u00e9s lefoly\u00f3cs\u00f6vek bevonata <strong>Coil-Coating elj\u00e1r\u00e1ssal<\/strong> k\u00e9sz\u00fcl \u00e9s megfelel a br\u00fcsszeli sz\u00e9khely\u0171 ECCA (European Coil Coating Association) szigor\u00fa el\u0151\u00edr\u00e1sainak.<br \/>\nA <strong>&#8211; 30 \u00b0C-t\u00f3l + 80 \u00b0C-ig<\/strong><strong><br \/>\ntart\u00f3san h\u0151m\u00e9rs\u00e9klet\u00e1ll\u00f3<\/strong> term\u00e9k megfelel a k\u00fclt\u00e9ri \u00e9p\u00edt\u00e9szet k\u00f6vetelm\u00e9nyeinek. A lakkr\u00e9teg alak\u00edthat\u00f3 \u00e9s az \u00e1ltal\u00e1nos id\u0151j\u00e1r\u00e1si hat\u00e1sokkal szemben ellen\u00e1ll\u00f3. A Coil-Coating gy\u00e1rt\u00e1st <strong>szigor\u00fa min\u0151s\u00e9gellen\u0151rz\u00e9s<\/strong> k\u00eds\u00e9ri. A r\u00e9tegvastags\u00e1g, f\u00e9nyess\u00e9gi fok, sz\u00edn\u00e1rnyalat, lakkr\u00e9teg szil\u00e1rds\u00e1ga, fest\u00e9k tapad\u00e1sa, fest\u00e9k k\u00f6t\u00e9se, alakv\u00e1ltoz\u00e1si ellen\u00e1ll\u00e1s \u00e9s fest\u00e9kkikem\u00e9nyed\u00e9s fontos vizsg\u00e1lati krit\u00e9riumok. Ehhez j\u00f6n m\u00e9g a <strong>tart\u00f3s viselked\u00e9s<\/strong> vizsg\u00e1lata s\u00f3permet teszttel \u00e9s a szabadban, term\u00e9szetes id\u0151j\u00e1r\u00e1si viszonyok k\u00f6z\u00f6tt.<\/p>\n<h4>A PREFA f\u00e9lk\u00f6rszelv\u00e9ny\u0171 ereszcsatorn\u00e1k el\u0151nyei:<\/h4>\n<ul>\n<li>korr\u00f3zi\u00f3mentes \u00e9s hossz\u00fa \u00e9lettartam\u00fa, mert alum\u00edniumb\u00f3l k\u00e9sz\u00fcl<\/li>\n<li>bevizsg\u00e1lt eredeti min\u0151s\u00e9g<\/li>\n<li>a 11 standard sz\u00edn \u00e9s a k\u00fcl\u00f6nleges sz\u00ednek kreat\u00edvan alkalmazhat\u00f3k<\/li>\n<li>k\u00fcl\u00f6n\u00f6sen karbantart\u00e1smentes<\/li>\n<li>sz\u00e9les v\u00e1laszt\u00e9k\u00fa ereszcsatorna-tartoz\u00e9kok<\/li>\n<\/ul>\n<p><strong>F\u00e9lk\u00f6rszelv\u00e9ny\u0171 ereszcsatorna m\u00e9retek (elemhossz 6 m):<\/strong><br \/>\n25-\u00f6s, 28-as, 33-as, 40-es<\/p>\n<p><strong>Alum\u00ednium lefoly\u00f3cs\u00f6vek (elemhossz 3 m):<\/strong><br \/>\n\u00d8 80 mm, \u00d8 100 mm, \u00d8 120 mm, \u00d8 150 mm<\/p>\n<p>&nbsp;<\/p>\n<p><span style=\"color: #ff9900;\"><strong>F\u00fcgg\u0151 ereszcsatorna tartoz\u00e9kok:<\/strong><\/span><\/p>\n<p><strong><img loading=\"lazy\" class=\"size-full wp-image-99 alignleft\" src=\"http:\/\/knmetal.hu\/wp\/wp-content\/uploads\/2016\/11\/572_alu-dachrinne_16_zbh.png\" alt=\"572_alu-dachrinne_16_zbh\" width=\"100\" height=\"89\" \/>PREFA f\u00e9lk\u00f6rszelv\u00e9ny\u0171 ereszcsatorn\u00e1k<br \/>\n<\/strong><\/p>\n<p>250, 280, 333, 400, 6 m\/3 m<\/p>\n<p>&nbsp;<\/p>\n<p><strong><img loading=\"lazy\" class=\"size-full wp-image-100 alignleft\" src=\"http:\/\/knmetal.hu\/wp\/wp-content\/uploads\/2016\/11\/prefa_rinnenhaken_15_zbh.png\" alt=\"\" width=\"100\" height=\"93\" \/>PREFA csatornatart\u00f3 elem<\/strong><\/p>\n<p>&nbsp;<\/p>\n<p>&nbsp;<\/p>\n<p><img loading=\"lazy\" class=\"size-full wp-image-102 alignleft\" src=\"http:\/\/knmetal.hu\/wp\/wp-content\/uploads\/2016\/11\/517_rinnenvorkopf_16_zbh.png\" alt=\"\" width=\"100\" height=\"73\" \/><\/p>\n<p><strong>PREFA csatorna v\u00e9gelem<br \/>\n<\/strong><\/p>\n<p>(kezd\u0151elem)<\/p>\n<p>&nbsp;<\/p>\n<p><img loading=\"lazy\" class=\"size-full wp-image-103 alignleft\" src=\"http:\/\/knmetal.hu\/wp\/wp-content\/uploads\/2016\/11\/518_rinnenwinkel-90_16_zbh.png\" alt=\"\" width=\"100\" height=\"57\" \/><strong>PREFA ereszcsatorna szeglet<br \/>\n<\/strong><\/p>\n<p>90\u00b0<\/p>\n<p><img loading=\"lazy\" class=\"size-full wp-image-104 alignleft\" src=\"http:\/\/knmetal.hu\/wp\/wp-content\/uploads\/2016\/11\/519_rinnenkessel_16_zbh.png\" alt=\"\" width=\"100\" height=\"106\" \/><\/p>\n<p><strong>PREFA betorkol\u00f3<br \/>\n<\/strong><\/p>\n<p>\u00d8 80, \u00d8 100, \u00d8 120 \u00e9s \u00d8 150<\/p>\n<p>&nbsp;<\/p>\n<p>&nbsp;<\/p>\n<p><img loading=\"lazy\" class=\"size-full wp-image-106 alignleft\" src=\"http:\/\/knmetal.hu\/wp\/wp-content\/uploads\/2016\/11\/547_haengerinnen-dila_16_zbh.png\" alt=\"\" width=\"100\" height=\"84\" \/><\/p>\n<p><strong>PREFA f\u00fcgg\u0151 ereszcsatorna dilat\u00e1ci\u00f3s elem<\/strong><\/p>\n<p>&nbsp;<\/p>\n<p>&nbsp;<\/p>\n<p><img loading=\"lazy\" class=\"size-full wp-image-107 alignleft\" src=\"http:\/\/knmetal.hu\/wp\/wp-content\/uploads\/2016\/11\/574_ablaufrohr-folie_16_zbh.png\" alt=\"\" width=\"100\" height=\"82\" \/><\/p>\n<p><strong>PREFA lefoly\u00f3cs\u0151<br \/>\n<\/strong><\/p>\n<p>\u00d8 80, \u00d8 100, \u00d8 120 \u00e9s \u00d8 150<\/p>\n<p>&nbsp;<\/p>\n<p><img loading=\"lazy\" class=\"size-full wp-image-108 alignleft\" src=\"http:\/\/knmetal.hu\/wp\/wp-content\/uploads\/2016\/11\/prefa_rohrschelle_standrohre_37_zbh.png\" alt=\"\" width=\"100\" height=\"92\" \/><\/p>\n<p><strong>PREFA \u00e1llv\u00e1nycs\u0151 bilincs<br \/>\n<\/strong><\/p>\n<p>M10 menettel<\/p>\n<p>&nbsp;<\/p>\n<p><img loading=\"lazy\" class=\"size-full wp-image-119 alignleft\" src=\"http:\/\/knmetal.hu\/wp\/wp-content\/uploads\/2016\/11\/prefa_rohrschelle_m10_ohnedorn_20_zbh.png\" alt=\"\" width=\"85\" height=\"58\" \/><strong>PREFA cs\u0151bilincs M10 menettel sz\u00e1r n\u00e9lk\u00fcl<\/strong><\/p>\n<p>&nbsp;<\/p>\n<p><img loading=\"lazy\" class=\"size-full wp-image-120 alignleft\" src=\"http:\/\/knmetal.hu\/wp\/wp-content\/uploads\/2016\/11\/526_rohrbogen72_16_zbh.png\" alt=\"\" width=\"100\" height=\"116\" \/><strong>PREFA lefoly\u00f3cs\u0151 k\u00f6ny\u00f6k 72\u00b0<\/strong><\/p>\n<p>&nbsp;<\/p>\n<p>&nbsp;<\/p>\n<p><strong>\u00a0<\/strong><\/p>\n<p><img loading=\"lazy\" class=\"size-full wp-image-121 alignleft\" src=\"http:\/\/knmetal.hu\/wp\/wp-content\/uploads\/2016\/11\/527_sockelknie_16_zbh.png\" alt=\"\" width=\"80\" height=\"123\" \/><\/p>\n<p><strong>PREFA l\u00e1bazati elem<\/strong><\/p>\n<p>\u00d8 80, \u00d8 100, \u00d8 120 \u00e9s \u00d8 150<\/p>\n<p>&nbsp;<\/p>\n<p>&nbsp;<\/p>\n<p><img loading=\"lazy\" class=\"size-full wp-image-122 alignleft\" src=\"http:\/\/knmetal.hu\/wp\/wp-content\/uploads\/2016\/11\/539_regenklappe_15_zbh.png\" alt=\"\" width=\"100\" height=\"83\" \/><strong>PREFA es\u0151v\u00edz kivezet\u0151<br \/>\n<\/strong><\/p>\n<p>\u00d8 80, \u00d8 100 \u00e9s \u00d8 120<br \/>\n420 mm hossz\u00fa<\/p>\n<p><img loading=\"lazy\" class=\"size-full wp-image-124 alignleft\" src=\"http:\/\/knmetal.hu\/wp\/wp-content\/uploads\/2016\/11\/542_rohreinmuendung_15_zbh.png\" alt=\"\" width=\"96\" height=\"115\" \/><strong>PREFA cs\u0151betorkol\u00f3 elem<br \/>\n<\/strong><\/p>\n<p>\u00d8 80 x \u00d8 80, \u00d8 100 x \u00d8 80,<br \/>\n\u00d8 120 x \u00d8 80, \u00d8 100 x \u00d8 100,<br \/>\n\u00d8 120 x \u00d8 100, \u00d8 120 x \u00d8 120<\/p>\n<p>&nbsp;<\/p>\n<p><img loading=\"lazy\" class=\"size-full wp-image-125 alignleft\" src=\"http:\/\/knmetal.hu\/wp\/wp-content\/uploads\/2016\/11\/prefa_schlagschraubdorn_mit_abdeckkappe_09_zbh.png\" alt=\"\" width=\"100\" height=\"70\" \/><\/p>\n<p><strong>PREFA be\u00fct\u0151 csavarsz\u00e1r<br \/>\n<\/strong><\/p>\n<p>Vil\u00e1gossz\u00fcrke m\u0171anyag takar\u00f3sapk\u00e1val<\/p>\n<p>&nbsp;<\/p>\n<hr \/>\n<p>&nbsp;<\/p>\n<p>&nbsp;<\/p>\n<p><strong>\u00a0<span style=\"color: #ff9900;\">N\u00e9gysz\u00f6gszelv\u00e9ny\u0171 ereszcsatorna:<\/span><\/strong><\/p>\n<p><img loading=\"lazy\" class=\"size-full wp-image-136 alignleft\" src=\"http:\/\/knmetal.hu\/wp\/wp-content\/uploads\/2016\/11\/N\u00e9gysz\u00f6glet\u0171-ereszcsatorna.png\" alt=\"\" width=\"250\" height=\"100\" \/><\/p>\n<h3><\/h3>\n<h4><\/h4>\n<p>&nbsp;<\/p>\n<p>&nbsp;<\/p>\n<p>&nbsp;<\/p>\n<hr \/>\n<p>&nbsp;<\/p>\n<p>&nbsp;<\/p>\n<p><span style=\"color: #ff9900;\"><strong>Fekv\u0151eresz csatorna:<\/strong><\/span><\/p>\n<p>&nbsp;<\/p>\n<p><img loading=\"lazy\" class=\"size-full wp-image-137 alignleft\" src=\"http:\/\/knmetal.hu\/wp\/wp-content\/uploads\/2016\/11\/Fekv\u0151-ereszcsatorna.png\" alt=\"\" width=\"250\" height=\"100\" \/><\/p>\n<h3><\/h3>\n<p>&nbsp;<\/p>\n<p>&nbsp;<\/p>\n<p>&nbsp;<\/p>\n<p>&nbsp;<\/p>\n<hr \/>\n<p>&nbsp;<\/p>\n<p><span style=\"color: #ff9900;\"><strong>N\u00e9gysz\u00f6gszelv\u00e9ny\u0171 lefoly\u00f3cs\u0151:<\/strong><\/span><\/p>\n<p><img loading=\"lazy\" class=\"alignleft wp-image-139 size-thumbnail\" src=\"http:\/\/knmetal.hu\/wp\/wp-content\/uploads\/2016\/11\/N\u00e9gysz\u00f6gszelv\u00e9ny\u0171-lefoly\u00f3-150x150.jpg\" width=\"150\" height=\"150\" \/><\/p>\n<p>A <strong>n\u00e9gysz\u00f6gszelv\u00e9ny\u0171 alum\u00ednium lefoly\u00f3cs\u0151-rendszer <\/strong>\u00faj m\u00e9rt\u00e9ket jelent a tet\u0151 v\u00edzelvezet\u00e9s\u00e9ben. A visszafogott \u00e9s eleg\u00e1ns megjelen\u00e9snek k\u00f6sz\u00f6nhet\u0151en optim\u00e1lisan alkalmazhat\u00f3 a modern \u00e9p\u00edt\u00e9szetben. A PREFA v\u00edzelvezet\u00e9si rendszere 12 k\u00fcl\u00f6nb\u00f6z\u0151 elemb\u0151l \u00e1ll: \u00a0n\u00e9gysz\u00f6gszelv\u00e9ny\u0171 lefoly\u00f3cs\u0151 a n\u00e9gysz\u00f6gszelv\u00e9ny\u0171 ereszcsatorn\u00e1val harmoniz\u00e1l\u00f3 m\u00e9retekben, k\u00fcl\u00f6nb\u00f6z\u0151, 72\u00ba-os cs\u0151\u00edvek, n\u00e9gysz\u00f6gszelv\u00e9ny\u0171 csonkkal kialak\u00edtott betorkol\u00f3 \u00e9s v\u00edzgy\u0171jt\u0151 \u00fcst\u00f6k.<\/p>\n<p>&nbsp;<\/p>\n<p>Az innovat\u00edv alum\u00ednium elemek robusztus kialak\u00edt\u00e1suknak k\u00f6sz\u00f6nhet\u0151en meggy\u0151z\u0151ek. Ennek megfelel\u0151en a <strong>100 mm oldalhossz\u00fas\u00e1g\u00fa<\/strong>, pr\u00e9selt alum\u00ednium profilb\u00f3l k\u00e9sz\u00fclt lefoly\u00f3cs\u0151\u00a0<strong>1,6 mm vastag<\/strong>, h\u00e1toldal\u00e1n a r\u00f6gz\u00edt\u0151elem (bilincs) fogad\u00e1s\u00e1ra kialak\u00edtott, v\u00e9gigfut\u00f3 r\u00f6gz\u00edt\u0151s\u00e1vval k\u00e9sz\u00fcl. \u00a0Az \u00fajszer\u0171 megjelen\u00e9s mellett pont ez a rejtett, M10-es menettel ell\u00e1tott r\u00f6gz\u00edt\u00e9si m\u00f3d hangs\u00falyozza a minim\u00e1l-megjelen\u00e9st a homlokzaton.<\/p>\n<p>&nbsp;<\/p>\n<p>A t\u00f6k\u00e9letesre hangolt kieg\u00e9sz\u00edt\u0151k egyszer\u0171 \u00e9s gyors kivitelez\u00e9st tesznek lehet\u0151v\u00e9. *A PREFA n\u00e9gysz\u00f6gszelv\u00e9ny\u0171 lefoly\u00f3cs\u0151 a 01 barna, 02 antracit \u00e9s 07 vil\u00e1gossz\u00fcrke sz\u00ednekben, porsz\u00f3rt bevonattal rakt\u00e1rr\u00f3l el\u00e9rhet\u0151, de rendel\u00e9sre b\u00e1rmely RAL-sz\u00ednben sz\u00e1ll\u00edthat\u00f3. Egyedi rendel\u00e9s eset\u00e9n hosszabb sz\u00e1ll\u00edt\u00e1si hat\u00e1rid\u0151vel, \u00e9s fel\u00e1rral kell sz\u00e1molni.<\/p>\n<p>&nbsp;<\/p>\n<p><strong>N\u00e9gysz\u00f6gszelv\u00e9ny\u0171-lefoly\u00f3cs\u0151 m\u00e9retek:<\/strong><br \/>\n100 x 100 n\u00e9gyzetes, a n\u00e9gysz\u00f6gszelv\u00e9ny\u0171 ereszcsatorn\u00e1hoz igaz\u00edtott \u00e1tm\u00e9r\u0151kkel<br \/>\nHosszak: 3.000 mm \u00e9s 1.500 mm<br \/>\nAnyagvastags\u00e1g: 1,6 mm v\u00e9gigfut\u00f3 r\u00f6gz\u00edt\u0151s\u00ednnel (a bilincs szerep\u00e9t t\u00f6lti be)<\/p>\n<p>&nbsp;<\/p>\n<p>&nbsp;<\/p>\n<p>&nbsp;<\/p>\n<p>&nbsp;<\/p>\n<p>&nbsp;<\/p>\n<p>&nbsp;<\/p>\n<p>&nbsp;<\/p>\n<p>&nbsp;<\/p>\n","protected":false},"excerpt":{"rendered":"<p>F\u00fcgg\u0151 ereszcsatorna: A legmagasabb ig\u00e9nyekre A PREFA fel\u00fcletnemes\u00edt\u00e9s garant\u00e1lja az \u00e9rt\u00e9k\u00e1ll\u00f3s\u00e1got \u00e9s a hosszan tart\u00f3 min\u0151s\u00e9get. Kem\u00e9ny gyakorlati ig\u00e9nybev\u00e9tel mellett sok \u00e9v eltelt\u00e9vel is m\u0171k\u00f6d\u0151k\u00e9pesek \u00e9s sz\u00e9pek maradnak. A PREFA f\u00e9lk\u00f6rszelv\u00e9ny\u0171 ereszcsatorn\u00e1k \u00e9vtizedek \u00f3ta bizony\u00edtanak, a r\u00e9szletekre is kiterjed\u0151 kifinomult megold\u00e1sokkal mindenkit megnyernek. A 11 standard sz\u00ednt \u00e9s minden k\u00edv\u00e1nt k\u00fcl\u00f6nleges sz\u00ednt (RAL \u00e9s NCS [&hellip;]<\/p>\n","protected":false},"author":1,"featured_media":0,"parent":149,"menu_order":2,"comment_status":"closed","ping_status":"closed","template":"","meta":[],"_links":{"self":[{"href":"http:\/\/knmetal.hu\/wp\/wp-json\/wp\/v2\/pages\/11"}],"collection":[{"href":"http:\/\/knmetal.hu\/wp\/wp-json\/wp\/v2\/pages"}],"about":[{"href":"http:\/\/knmetal.hu\/wp\/wp-json\/wp\/v2\/types\/page"}],"author":[{"embeddable":true,"href":"http:\/\/knmetal.hu\/wp\/wp-json\/wp\/v2\/users\/1"}],"replies":[{"embeddable":true,"href":"http:\/\/knmetal.hu\/wp\/wp-json\/wp\/v2\/comments?post=11"}],"version-history":[{"count":44,"href":"http:\/\/knmetal.hu\/wp\/wp-json\/wp\/v2\/pages\/11\/revisions"}],"predecessor-version":[{"id":738,"href":"http:\/\/knmetal.hu\/wp\/wp-json\/wp\/v2\/pages\/11\/revisions\/738"}],"up":[{"embeddable":true,"href":"http:\/\/knmetal.hu\/wp\/wp-json\/wp\/v2\/pages\/149"}],"wp:attachment":[{"href":"http:\/\/knmetal.hu\/wp\/wp-json\/wp\/v2\/media?parent=11"}],"curies":[{"name":"wp","href":"https:\/\/api.w.org\/{rel}","templated":true}]}}